{"id":20,"date":"2025-10-07T09:37:03","date_gmt":"2025-10-07T09:37:03","guid":{"rendered":"https:\/\/moncoachfinance.fr\/?page_id=20"},"modified":"2026-03-12T17:34:31","modified_gmt":"2026-03-12T17:34:31","slug":"clarte-entrepreneur","status":"publish","type":"page","link":"https:\/\/moncoachfinance.fr\/index.php\/clarte-entrepreneur\/","title":{"rendered":"Clart\u00e9 entrepreneur"},"content":{"rendered":"\t\t<div data-elementor-type=\"wp-page\" data-elementor-id=\"20\" class=\"elementor elementor-20\">\n\t\t\t\t<div class=\"elementor-element elementor-element-731a425 e-flex e-con-boxed e-con e-parent\" data-id=\"731a425\" data-element_type=\"container\" data-e-type=\"container\">\n\t\t\t\t\t<div class=\"e-con-inner\">\n\t\t\t\t<div class=\"elementor-element elementor-element-976eb40 elementor-widget elementor-widget-heading\" data-id=\"976eb40\" data-element_type=\"widget\" data-e-type=\"widget\" data-widget_type=\"heading.default\">\n\t\t\t\t\t<h2 class=\"elementor-heading-title elementor-size-default\">CLARTE ENTREPRENEUR<\/h2>\t\t\t\t<\/div>\n\t\t\t\t\t<\/div>\n\t\t\t\t<\/div>\n\t\t<div class=\"elementor-element elementor-element-1012096 e-flex e-con-boxed e-con e-parent\" data-id=\"1012096\" data-element_type=\"container\" data-e-type=\"container\">\n\t\t\t\t\t<div class=\"e-con-inner\">\n\t\t\t\t<div class=\"elementor-element elementor-element-38b2cdd elementor-widget elementor-widget-heading\" data-id=\"38b2cdd\" data-element_type=\"widget\" data-e-type=\"widget\" data-widget_type=\"heading.default\">\n\t\t\t\t\t<h2 class=\"elementor-heading-title elementor-size-default\">Optimiser vos revenus et s\u00e9curiser votre avenir <\/h2>\t\t\t\t<\/div>\n\t\t\t\t<div class=\"elementor-element elementor-element-a2ec3d0 elementor-widget elementor-widget-heading\" data-id=\"a2ec3d0\" data-element_type=\"widget\" data-e-type=\"widget\" data-widget_type=\"heading.default\">\n\t\t\t\t\t<h2 class=\"elementor-heading-title elementor-size-default\">gr\u00e2ce \u00e0 une vision globale sur les sujets : budget pro et perso, cotisations, charges, fiscalit\u00e9, retraite et pr\u00e9voyance.<\/h2>\t\t\t\t<\/div>\n\t\t\t\t<div class=\"elementor-element elementor-element-b28dad4 elementor-widget__width-initial elementor-widget elementor-widget-video\" data-id=\"b28dad4\" data-element_type=\"widget\" data-e-type=\"widget\" data-settings=\"{&quot;youtube_url&quot;:&quot;https:\\\/\\\/www.youtube.com\\\/watch?v=70oxw_3b_Ak&amp;embeds_referring_euri=https%3A%2F%2Fmoncoachfinance.schoolmaker.co%2F&amp;source_ve_path=MjM4NTE&quot;,&quot;video_type&quot;:&quot;youtube&quot;,&quot;controls&quot;:&quot;yes&quot;}\" data-widget_type=\"video.default\">\n\t\t\t\t\t\t\t<div class=\"elementor-wrapper elementor-open-inline\">\n\t\t\t<div class=\"elementor-video\"><\/div>\t\t<\/div>\n\t\t\t\t\t\t<\/div>\n\t\t\t\t\t<\/div>\n\t\t\t\t<\/div>\n\t\t<div class=\"elementor-element elementor-element-1394792 e-flex e-con-boxed e-con e-parent\" data-id=\"1394792\" data-element_type=\"container\" data-e-type=\"container\">\n\t\t\t\t\t<div class=\"e-con-inner\">\n\t\t\t\t<div class=\"elementor-element elementor-element-737e978 elementor-widget elementor-widget-heading\" data-id=\"737e978\" data-element_type=\"widget\" data-e-type=\"widget\" data-widget_type=\"heading.default\">\n\t\t\t\t\t<h2 class=\"elementor-heading-title elementor-size-default\">Ajoutez votre titre ici<\/h2>\t\t\t\t<\/div>\n\t\t\t\t\t<\/div>\n\t\t\t\t<\/div>\n\t\t<div class=\"elementor-element elementor-element-adcb7c9 e-flex e-con-boxed e-con e-parent\" data-id=\"adcb7c9\" data-element_type=\"container\" data-e-type=\"container\">\n\t\t\t\t\t<div class=\"e-con-inner\">\n\t\t\t\t<div class=\"elementor-element elementor-element-a4a5af0 elementor-widget__width-initial elementor-widget elementor-widget-text-editor\" data-id=\"a4a5af0\" data-element_type=\"widget\" data-e-type=\"widget\" data-widget_type=\"text-editor.default\">\n\t\t\t\t\t\t\t\t\t<div dir=\"ltr\"><div>Vous \u00eates entrepreneur, en micro-entreprise ou d\u00e9j\u00e0 en soci\u00e9t\u00e9.<\/div><div><p>Vous aimez entreprendre, mais votre charge mentale explose d\u00e8s qu\u2019il s\u2019agit d\u2019administratif ou de finances\u2026\u00a0<br \/>Vous \u00eates dans le brouillard.<\/p><\/div><div>Peut-\u00eatre vous reconnaissez-vous dans ces questions que j\u2019entends tous les jours\u2026<\/div><ul><li>Dois-je rester en micro-entreprise ? En SASU ?<\/li><li>Combien puis-je me verser ? Le dividende est-il une bonne solution ?<\/li><li>Pourquoi je paie autant d\u2019imp\u00f4ts ?<\/li><li>Aurai-je une retraite ? Est-ce utile de cotiser ?<\/li><li>En micro, suis-je vraiment couvert pour la retraite et les droits sociaux ?<\/li><li>Que se passe-t-il si j\u2019ai un souci de sant\u00e9 ?<\/li><li>Faut-il que je sois salari\u00e9 pour \u00eatre mieux prot\u00e9g\u00e9 ?<\/li><li>Quelles charges puis-je d\u00e9duire ? Puis-je me louer un bureau ?\u00a0<\/li><li>Dois-je ouvrir un PER ?<\/li><\/ul><div><p>Face \u00e0 ces questions 3 attitudes sont possibles :<\/p><\/div><ul><li>D\u00e9l\u00e9guer \u00e0 des experts<\/li><li>Passer des heures sur internet \u00e0 essayer de comprendre<\/li><li>Mettre le probl\u00e8me sous le tapis, en esp\u00e9rant qu\u2019il n\u2019y ait pas d\u2019emb\u00fbches trop vite<\/li><\/ul><div>\u00a0<\/div><div><p>Vous n\u2019aimez pas ces sujets\u2026 mais vous sentez bien que \u00e7a vaudrait le coup de vous y int\u00e9resser une bonne fois pour toutes !<\/p><\/div><div><p>Apr\u00e8s avoir accompagn\u00e9 plus de 150 entrepreneurs, j\u2019ai observ\u00e9 des incompr\u00e9hensions, des trous dans la raquette, des doublons, de la charge mentale, du flou et des pertes financi\u00e8res\u2026<\/p><\/div><div>Mais<\/div><div><p>J\u2019ai aussi vu qu\u2019on pouvait rapidement changer cette situation.\u00a0<br \/>Sans y passer des heures et sans devenir un expert fiscal !<br \/>Il faut juste comprendre les grandes notions et les m\u00e9canismes associ\u00e9s et savoir comment les utiliser.<\/p><\/div><div><p>Je suis convaincu qu\u2019on peut d\u00e9l\u00e9guer beaucoup de choses dans ces sujets mais qu\u2019on est oblig\u00e9 de s\u2019y int\u00e9resser. Et oui, on ne d\u00e9l\u00e8gue bien que ce que l\u2019on comprend ! Il y a une \u00e9norme diff\u00e9rence entre d\u00e9l\u00e9guer un sujet et s&rsquo;en d\u00e9barrasser !\u00a0<\/p><p>C\u2019est en comprenant les bases que vous pourrez faire les bons choix, poser les bonnes questions et \u00e9viter les mauvaises surprises.<\/p><\/div><\/div>\t\t\t\t\t\t\t\t<\/div>\n\t\t\t\t<div class=\"elementor-element elementor-element-1323057 elementor-widget elementor-widget-heading\" data-id=\"1323057\" data-element_type=\"widget\" data-e-type=\"widget\" data-widget_type=\"heading.default\">\n\t\t\t\t\t<h2 class=\"elementor-heading-title elementor-size-default\">LES B\u00c9N\u00c9FICES<\/h2>\t\t\t\t<\/div>\n\t\t\t\t<div class=\"elementor-element elementor-element-b27647c elementor-widget elementor-widget-text-editor\" data-id=\"b27647c\" data-element_type=\"widget\" data-e-type=\"widget\" data-widget_type=\"text-editor.default\">\n\t\t\t\t\t\t\t\t\t<p>&#8211; Gain de temps : fini les recherches infinies sur internet<br \/>&#8211; Gain d&rsquo;argent : tr\u00e8s souvent plusieurs milliers d&rsquo;euros par an<br \/>&#8211; Gain d&rsquo;\u00e9nergie pour d\u00e9velopper votre buisness !<br \/>&#8211; S\u00e9r\u00e9nit\u00e9<\/p>\t\t\t\t\t\t\t\t<\/div>\n\t\t<div class=\"elementor-element elementor-element-8f0a1c4 e-grid e-con-full e-con e-child\" data-id=\"8f0a1c4\" data-element_type=\"container\" data-e-type=\"container\">\n\t\t\t\t<div class=\"elementor-element elementor-element-4e2ef22 elementor-widget elementor-widget-button\" data-id=\"4e2ef22\" data-element_type=\"widget\" data-e-type=\"widget\" data-widget_type=\"button.default\">\n\t\t\t\t\t\t\t\t\t\t<a class=\"elementor-button elementor-button-link elementor-size-sm\" href=\"https:\/\/moncoachfinance.schoolmaker.co\/offers\/56349106-76a9-4860-9239-6ccfa4345a7b\">\n\t\t\t\t\t\t<span class=\"elementor-button-content-wrapper\">\n\t\t\t\t\t\t\t\t\t<span class=\"elementor-button-text\">Je veux me former en autonomie !<\/span>\n\t\t\t\t\t<\/span>\n\t\t\t\t\t<\/a>\n\t\t\t\t\t\t\t\t<\/div>\n\t\t\t\t<div class=\"elementor-element elementor-element-b77524b elementor-widget elementor-widget-button\" data-id=\"b77524b\" data-element_type=\"widget\" data-e-type=\"widget\" data-widget_type=\"button.default\">\n\t\t\t\t\t\t\t\t\t\t<a class=\"elementor-button elementor-button-link elementor-size-sm\" href=\"https:\/\/moncoachfinance.schoolmaker.co\/purchases\/new?price_id=1dd2061f-9eec-4bc5-9f3d-7f90556d8f48\">\n\t\t\t\t\t\t<span class=\"elementor-button-content-wrapper\">\n\t\t\t\t\t\t\t\t\t<span class=\"elementor-button-text\">Je veux me former avec Antoine !<\/span>\n\t\t\t\t\t<\/span>\n\t\t\t\t\t<\/a>\n\t\t\t\t\t\t\t\t<\/div>\n\t\t\t\t<div class=\"elementor-element elementor-element-be3c8fe elementor-widget elementor-widget-button\" data-id=\"be3c8fe\" data-element_type=\"widget\" data-e-type=\"widget\" data-widget_type=\"button.default\">\n\t\t\t\t\t\t\t\t\t\t<a class=\"elementor-button elementor-button-link elementor-size-sm\" href=\"https:\/\/moncoachfinance.schoolmaker.co\/offers\/9e5ebed8-5552-46e0-91f6-9927e1469d54\">\n\t\t\t\t\t\t<span class=\"elementor-button-content-wrapper\">\n\t\t\t\t\t\t\t\t\t<span class=\"elementor-button-text\">Je veux me former avec Antoine \u00e0 Marseille !<\/span>\n\t\t\t\t\t<\/span>\n\t\t\t\t\t<\/a>\n\t\t\t\t\t\t\t\t<\/div>\n\t\t\t\t<div class=\"elementor-element elementor-element-e23cf42 elementor-widget elementor-widget-text-editor\" data-id=\"e23cf42\" data-element_type=\"widget\" data-e-type=\"widget\" data-widget_type=\"text-editor.default\">\n\t\t\t\t\t\t\t\t\t<p>Espace de formation<br \/>497\u20ac TTC\u00a0<\/p>\t\t\t\t\t\t\t\t<\/div>\n\t\t\t\t<div class=\"elementor-element elementor-element-5391a99 elementor-widget elementor-widget-text-editor\" data-id=\"5391a99\" data-element_type=\"widget\" data-e-type=\"widget\" data-widget_type=\"text-editor.default\">\n\t\t\t\t\t\t\t\t\t<p>Espace de formation<br \/>2 RDV individuel d&rsquo;1h<br \/>797\u20ac TTC<\/p>\t\t\t\t\t\t\t\t<\/div>\n\t\t\t\t<div class=\"elementor-element elementor-element-b1f9bef elementor-widget elementor-widget-text-editor\" data-id=\"b1f9bef\" data-element_type=\"widget\" data-e-type=\"widget\" data-widget_type=\"text-editor.default\">\n\t\t\t\t\t\t\t\t\t<p style=\"text-align: left;\">Espace de formation\u00a0<br \/>1\/2 journ\u00e9e d&rsquo;accompagnement en pr\u00e9sentiel<br \/>1197\u20ac TTC<\/p>\t\t\t\t\t\t\t\t<\/div>\n\t\t\t\t<\/div>\n\t\t\t\t\t<\/div>\n\t\t\t\t<\/div>\n\t\t<div class=\"elementor-element elementor-element-34a3ddb e-flex e-con-boxed e-con e-parent\" data-id=\"34a3ddb\" data-element_type=\"container\" data-e-type=\"container\">\n\t\t\t\t\t<div class=\"e-con-inner\">\n\t\t\t\t<div class=\"elementor-element elementor-element-bc21b05 elementor-widget elementor-widget-heading\" data-id=\"bc21b05\" data-element_type=\"widget\" data-e-type=\"widget\" data-widget_type=\"heading.default\">\n\t\t\t\t\t<h2 class=\"elementor-heading-title elementor-size-default\"><a href=\"https:\/\/moncoachfinance.schoolmaker.co\/offers\/a3989f02-d888-4a34-a617-545c8b160783\/preview?program_id=74609a7b-9481-4c01-9a5e-d570cf96f4e9\">D\u00e9couvrir le contenu <\/a><\/h2>\t\t\t\t<\/div>\n\t\t\t\t<div class=\"elementor-element elementor-element-763bade elementor-widget__width-initial elementor-widget elementor-widget-heading\" data-id=\"763bade\" data-element_type=\"widget\" data-e-type=\"widget\" data-widget_type=\"heading.default\">\n\t\t\t\t\t<h2 class=\"elementor-heading-title elementor-size-default\">TEMOIGNAGES<\/h2>\t\t\t\t<\/div>\n\t\t\t\t<div class=\"elementor-element elementor-element-25e8173 elementor-widget elementor-widget-shortcode\" data-id=\"25e8173\" data-element_type=\"widget\" data-e-type=\"widget\" data-widget_type=\"shortcode.default\">\n\t\t\t\t\t\t\t<div class=\"elementor-shortcode\"><div class=\"strong-view strong-view-id-2 default wpmtst-default slider-container carousel slider-mode-horizontal controls-type-sides-outside controls-style-buttons\" data-count=3 data-slider-var=strong_slider_id_2 data-state=idle><div class=\"strong-content wpmslider-content\"><div class=\"wpmtst-testimonial testimonial t-slide post-745\"><div class=\"wpmtst-testimonial-inner testimonial-inner\"><div data-infinite-loop=\"true\"   class=\"wpmtst-testimonial-content testimonial-content\"><div class=\"maybe-clear\"><\/div><p>Merci Antoine pour cette formation. Cela nous a permis d\u2019y voir plus clair dans nos diff\u00e9rents projets et notre futur. Nous ressortons avec des outils qui vont nous permettre de savoir o\u00f9 on en est r\u00e9ellement et de pr\u00e9voir les choses plus sereinement. Il y a beaucoup d\u2019info \u00e0 dig\u00e9rer mais tout se fait tr\u00e8s simplement et avec beaucoup de clart\u00e9. C\u2019est ce que nous recherchions.<\/p><\/div><div class=\"wpmtst-testimonial-field testimonial-field testimonial-name\">C\u00e9cile et Vincent<\/div><div class=\"clear\"><\/div><\/div><\/div><div class=\"wpmtst-testimonial testimonial t-slide post-744\"><div class=\"wpmtst-testimonial-inner testimonial-inner\"><div data-infinite-loop=\"true\"   class=\"wpmtst-testimonial-content testimonial-content\"><div class=\"maybe-clear\"><\/div><p>Merci pour le temps pass\u00e9 ensemble, tu m\u2019as r\u00e9concili\u00e9e avec les feuilles d\u2019imp\u00f4ts, les salaires, les dividendes, les abattements, la pr\u00e9voyance et probablement m\u00eame avec l\u2019investissement immobilier\ud83d\ude09\ud83d\ude09<\/p><\/div><div class=\"wpmtst-testimonial-field testimonial-field testimonial-name\">Florence<\/div><div class=\"clear\"><\/div><\/div><\/div><div class=\"wpmtst-testimonial testimonial t-slide post-743\"><div class=\"wpmtst-testimonial-inner testimonial-inner\"><div data-infinite-loop=\"true\"   class=\"wpmtst-testimonial-content testimonial-content\"><div class=\"maybe-clear\"><\/div><div>\u201cLe phare dans la nuit\u00a0\u00bb\u2026\u00a0 \u2018l\u2019antidote \u00e0 la phobie administrative\u2019\u2026 et surtout quelque chose du \u00ab\u00a0prof sympa, hyper int\u00e9ressant qui en plus, vous veut du bien\u00a0\u00bb\u2026 Antoine, c\u2019est tout \u00e0 la fois.<\/div><div>Ton expertise est bluffante et tout terrain : je t\u2019ai emmen\u00e9 dans des contr\u00e9es inconnues \u2013 la production audiovisuelle \u2013 tu as su comprendre vite, analyser avec finesse, \u00eatre toujours percutant et de tr\u00e8s bons conseils.<\/div><div>Merci 1000 fois\u2026 amortissable sur 10 ans, comme tout bon investissement durable<\/div><\/div><div class=\"wpmtst-testimonial-field testimonial-field testimonial-name\">Karelle<\/div><div class=\"clear\"><\/div><\/div><\/div><\/div><\/div><\/div>\n\t\t\t\t\t\t<\/div>\n\t\t\t\t\t<\/div>\n\t\t\t\t<\/div>\n\t\t<div class=\"elementor-element elementor-element-4c6a9a0 e-flex e-con-boxed e-con e-parent\" data-id=\"4c6a9a0\" data-element_type=\"container\" data-e-type=\"container\">\n\t\t\t\t\t<div class=\"e-con-inner\">\n\t\t\t\t<div class=\"elementor-element elementor-element-c193fe2 elementor-widget elementor-widget-heading\" data-id=\"c193fe2\" data-element_type=\"widget\" data-e-type=\"widget\" data-widget_type=\"heading.default\">\n\t\t\t\t\t<h2 class=\"elementor-heading-title elementor-size-default\">FAQ<\/h2>\t\t\t\t<\/div>\n\t\t\t\t<div class=\"elementor-element elementor-element-f4330ae elementor-widget elementor-widget-text-editor\" data-id=\"f4330ae\" data-element_type=\"widget\" data-e-type=\"widget\" data-widget_type=\"text-editor.default\">\n\t\t\t\t\t\t\t\t\t<p><strong>&#8211; Pourquoi suivre cette formation si j&rsquo;ai ou prends un expert-comptable, il va d\u00e9j\u00e0 me donner des conseils <br \/><\/strong>Pour bien dialoguer et construire avec son expert-comptable, il est n\u00e9cessaire d&rsquo;avoir d\u00e9j\u00e0 un socle de comp\u00e9tences.\u00a0<br \/>L&rsquo;expert comptable est rarement un expert sur la retraite et la pr\u00e9voyance ou l&rsquo;investissement immobilier.\u00a0<br \/>Une fois que vous aurez d\u00e9velopp\u00e9 une vision \u00e0 360\u00b0 et construit votre strat\u00e9gie alors l&rsquo;expert comptable sera un alli\u00e9 tr\u00e8s important.\u00a0<\/p><p><strong>&#8211; Je n&rsquo;ai pas envie de regarder des vid\u00e9os en ligne&#8230;<br \/><\/strong>Je comprends c&rsquo;est souvent la premi\u00e8re remarque que l&rsquo;on me fait, mais vous verrez les vid\u00e9os sont courtes, bien construites et le gain mental \u00e0 comprendre les m\u00e9canismes et sortir du brouillard est \u00e9norme. Mes clients me font souvent cette remarque et me disent ensuite qu&rsquo;ils sont contents et que je les ai r\u00e9concili\u00e9s avec tous ces sujets !<\/p><p><strong>&#8211; Ca a l&rsquo;air hyper long :\u00a0<br \/><\/strong>La formation est d\u00e9coup\u00e9e en tout petit module pour rendre cela facile \u00e0 suivre. C&rsquo;est bien plus rapide que lors de vos longues recherches sur internet qui vous donnent souvent des r\u00e9sultats partiels ou \u00e0 moiti\u00e9 faux.\u00a0<\/p><p><strong>&#8211; Est-ce que la formation est d\u00e9ductible de mon entreprise ?\u00a0<br \/><\/strong>Oui, si vous \u00eates en entreprise avec comptabilit\u00e9 au r\u00e9el, vous pourrez d\u00e9duire cette charge ou si vous \u00eates en micro-entreprise et que vous payez la TVA, vous pourrez r\u00e9cup\u00e9rer la TVA.<\/p><p><strong>&#8211; Pendant combien de temps, puis-je utiliser les RDV individuel ?\u00a0<br \/><\/strong>Vous pouvez utiliser vos RDV dans les 12 mois qui suivent votre commande.<\/p><p><strong>&#8211; J&rsquo;ai d\u00e9j\u00e0 l&rsquo;IA, ai-je encore besoin de me former ?\u00a0<\/strong><br \/>Si vous \u00eates l\u00e0, vous avez d\u00e9j\u00e0 la r\u00e9ponse..<br \/>L&rsquo;IA va donner des r\u00e9ponses sur des questions pr\u00e9cises et encore avec des r\u00e9ponses partielles ou avec des erreurs et ne vous permettra pas de r\u00e9pondre \u00e0 des questions que vous ne vous posez pas.<br \/>Une fois la formation r\u00e9alis\u00e9e et que vous serez devenu un bon chef d&rsquo;orchestre avec une vision \u00e0 360\u00b0, travailler avec vos diff\u00e9rents partenaires et experts (assureur, expert-comptable, avocat,&#8230;) et l&rsquo;IA sera efficace.<\/p><p><strong>&#8211; Je n&rsquo;ai pas besoin d&rsquo;une formation, j&rsquo;ai juste besoin d&rsquo;un \u00e9change de 15 min<br \/><\/strong>Par exp\u00e9rience, r\u00e9pondre \u00e0 une question pr\u00e9cise en entra\u00eene souvent des dizaines d&rsquo;autres et surtout on oublie ainsi la vision globale. Ca dure souvent bien plus que 15 min&#8230;<br \/>Si vous voulez prendre un RDV d&rsquo;une heure uniquement, choisissez mon offre RDV express.<br \/><br \/><\/p>\t\t\t\t\t\t\t\t<\/div>\n\t\t\t\t<div class=\"elementor-element elementor-element-cfa91d4 elementor-shape-rounded elementor-grid-0 e-grid-align-center elementor-widget elementor-widget-social-icons\" data-id=\"cfa91d4\" data-element_type=\"widget\" data-e-type=\"widget\" data-widget_type=\"social-icons.default\">\n\t\t\t\t\t\t\t<div class=\"elementor-social-icons-wrapper elementor-grid\">\n\t\t\t\t\t\t\t<span class=\"elementor-grid-item\">\n\t\t\t\t\t<a class=\"elementor-icon elementor-social-icon elementor-social-icon-linkedin elementor-repeater-item-8083b97\" href=\"https:\/\/www.linkedin.com\/in\/antoine-dalleinne-4a11b91\/\" target=\"_blank\">\n\t\t\t\t\t\t<span class=\"elementor-screen-only\">Linkedin<\/span>\n\t\t\t\t\t\t<svg aria-hidden=\"true\" class=\"e-font-icon-svg e-fab-linkedin\" viewBox=\"0 0 448 512\" xmlns=\"http:\/\/www.w3.org\/2000\/svg\"><path d=\"M416 32H31.9C14.3 32 0 46.5 0 64.3v383.4C0 465.5 14.3 480 31.9 480H416c17.6 0 32-14.5 32-32.3V64.3c0-17.8-14.4-32.3-32-32.3zM135.4 416H69V202.2h66.5V416zm-33.2-243c-21.3 0-38.5-17.3-38.5-38.5S80.9 96 102.2 96c21.2 0 38.5 17.3 38.5 38.5 0 21.3-17.2 38.5-38.5 38.5zm282.1 243h-66.4V312c0-24.8-.5-56.7-34.5-56.7-34.6 0-39.9 27-39.9 54.9V416h-66.4V202.2h63.7v29.2h.9c8.9-16.8 30.6-34.5 62.9-34.5 67.2 0 79.7 44.3 79.7 101.9V416z\"><\/path><\/svg>\t\t\t\t\t<\/a>\n\t\t\t\t<\/span>\n\t\t\t\t\t<\/div>\n\t\t\t\t\t\t<\/div>\n\t\t\t\t\t<\/div>\n\t\t\t\t<\/div>\n\t\t\t\t<\/div>\n\t\t","protected":false},"excerpt":{"rendered":"<p>CLARTE ENTREPRENEUR Optimiser vos revenus et s\u00e9curiser votre avenir gr\u00e2ce \u00e0 une vision globale sur les sujets : budget pro [&hellip;]<\/p>\n","protected":false},"author":1,"featured_media":0,"parent":0,"menu_order":0,"comment_status":"closed","ping_status":"closed","template":"","meta":{"site-sidebar-layout":"no-sidebar","site-content-layout":"","ast-site-content-layout":"full-width-container","site-content-style":"default","site-sidebar-style":"default","ast-global-header-display":"","ast-banner-title-visibility":"","ast-main-header-display":"","ast-hfb-above-header-display":"","ast-hfb-below-header-display":"","ast-hfb-mobile-header-display":"","site-post-title":"disabled","ast-breadcrumbs-content":"","ast-featured-img":"disabled","footer-sml-layout":"","ast-disable-related-posts":"","theme-transparent-header-meta":"","adv-header-id-meta":"","stick-header-meta":"","header-above-stick-meta":"","header-main-stick-meta":"","header-below-stick-meta":"","astra-migrate-meta-layouts":"default","ast-page-background-enabled":"default","ast-page-background-meta":{"desktop":{"background-color":"var(--ast-global-color-5)","background-image":"","background-repeat":"repeat","background-position":"center center","background-size":"auto","background-attachment":"scroll","background-type":"","background-media":"","overlay-type":"","overlay-color":"","overlay-opacity":"","overlay-gradient":""},"tablet":{"background-color":"","background-image":"","background-repeat":"repeat","background-position":"center center","background-size":"auto","background-attachment":"scroll","background-type":"","background-media":"","overlay-type":"","overlay-color":"","overlay-opacity":"","overlay-gradient":""},"mobile":{"background-color":"","background-image":"","background-repeat":"repeat","background-position":"center center","background-size":"auto","background-attachment":"scroll","background-type":"","background-media":"","overlay-type":"","overlay-color":"","overlay-opacity":"","overlay-gradient":""}},"ast-content-background-meta":{"desktop":{"background-color":"var(--ast-global-color-4)","background-image":"","background-repeat":"repeat","background-position":"center center","background-size":"auto","background-attachment":"scroll","background-type":"","background-media":"","overlay-type":"","overlay-color":"","overlay-opacity":"","overlay-gradient":""},"tablet":{"background-color":"var(--ast-global-color-4)","background-image":"","background-repeat":"repeat","background-position":"center center","background-size":"auto","background-attachment":"scroll","background-type":"","background-media":"","overlay-type":"","overlay-color":"","overlay-opacity":"","overlay-gradient":""},"mobile":{"background-color":"var(--ast-global-color-4)","background-image":"","background-repeat":"repeat","background-position":"center center","background-size":"auto","background-attachment":"scroll","background-type":"","background-media":"","overlay-type":"","overlay-color":"","overlay-opacity":"","overlay-gradient":""}},"footnotes":""},"class_list":["post-20","page","type-page","status-publish","hentry"],"_links":{"self":[{"href":"https:\/\/moncoachfinance.fr\/index.php\/wp-json\/wp\/v2\/pages\/20","targetHints":{"allow":["GET"]}}],"collection":[{"href":"https:\/\/moncoachfinance.fr\/index.php\/wp-json\/wp\/v2\/pages"}],"about":[{"href":"https:\/\/moncoachfinance.fr\/index.php\/wp-json\/wp\/v2\/types\/page"}],"author":[{"embeddable":true,"href":"https:\/\/moncoachfinance.fr\/index.php\/wp-json\/wp\/v2\/users\/1"}],"replies":[{"embeddable":true,"href":"https:\/\/moncoachfinance.fr\/index.php\/wp-json\/wp\/v2\/comments?post=20"}],"version-history":[{"count":304,"href":"https:\/\/moncoachfinance.fr\/index.php\/wp-json\/wp\/v2\/pages\/20\/revisions"}],"predecessor-version":[{"id":1714,"href":"https:\/\/moncoachfinance.fr\/index.php\/wp-json\/wp\/v2\/pages\/20\/revisions\/1714"}],"wp:attachment":[{"href":"https:\/\/moncoachfinance.fr\/index.php\/wp-json\/wp\/v2\/media?parent=20"}],"curies":[{"name":"wp","href":"https:\/\/api.w.org\/{rel}","templated":true}]}}