{"id":219,"date":"2025-10-08T08:20:49","date_gmt":"2025-10-08T08:20:49","guid":{"rendered":"https:\/\/moncoachfinance.fr\/?page_id=219"},"modified":"2026-02-18T11:04:47","modified_gmt":"2026-02-18T11:04:47","slug":"antoine-dalleinne","status":"publish","type":"page","link":"https:\/\/moncoachfinance.fr\/index.php\/antoine-dalleinne\/","title":{"rendered":"Qui-suis-je ?"},"content":{"rendered":"\t\t<div data-elementor-type=\"wp-page\" data-elementor-id=\"219\" class=\"elementor elementor-219\">\n\t\t\t\t<div class=\"elementor-element elementor-element-4cada006 e-flex e-con-boxed e-con e-parent\" data-id=\"4cada006\" data-element_type=\"container\" data-e-type=\"container\" data-settings=\"{&quot;background_background&quot;:&quot;classic&quot;}\">\n\t\t\t\t\t<div class=\"e-con-inner\">\n\t\t<div class=\"elementor-element elementor-element-77779d05 e-con-full e-flex e-con e-child\" data-id=\"77779d05\" data-element_type=\"container\" data-e-type=\"container\">\n\t\t\t\t<div class=\"elementor-element elementor-element-48956303 elementor-widget elementor-widget-heading\" data-id=\"48956303\" data-element_type=\"widget\" data-e-type=\"widget\" data-widget_type=\"heading.default\">\n\t\t\t\t\t<h1 class=\"elementor-heading-title elementor-size-default\">Antoine Dalleinne<\/h1>\t\t\t\t<\/div>\n\t\t\t\t<div class=\"elementor-element elementor-element-78cc6df9 elementor-widget__width-initial elementor-widget elementor-widget-text-editor\" data-id=\"78cc6df9\" data-element_type=\"widget\" data-e-type=\"widget\" data-widget_type=\"text-editor.default\">\n\t\t\t\t\t\t\t\t\t<p>Je suis\u00a0 passionn\u00e9 par l\u2019apprentissage, les chiffres, l\u2019humain, le concret\u2026 et donc naturellement par l\u2019immobilier, l\u2019entrepreneuriat, et plus largement d\u2019\u00eatre architecte de sa vie.<\/p>\t\t\t\t\t\t\t\t<\/div>\n\t\t\t\t<div class=\"elementor-element elementor-element-1a227bd7 elementor-mobile-align-center elementor-align-center elementor-widget elementor-widget-button\" data-id=\"1a227bd7\" data-element_type=\"widget\" data-e-type=\"widget\" data-widget_type=\"button.default\">\n\t\t\t\t\t\t\t\t\t\t<a class=\"elementor-button elementor-button-link elementor-size-sm\" href=\"https:\/\/cal.com\/mon-coach-finance\/30min\">\n\t\t\t\t\t\t<span class=\"elementor-button-content-wrapper\">\n\t\t\t\t\t\t\t\t\t<span class=\"elementor-button-text\">RDV d\u00e9couverte<\/span>\n\t\t\t\t\t<\/span>\n\t\t\t\t\t<\/a>\n\t\t\t\t\t\t\t\t<\/div>\n\t\t\t\t<div class=\"elementor-element elementor-element-dd6b4e8 elementor-shape-rounded elementor-grid-0 e-grid-align-center elementor-widget elementor-widget-social-icons\" data-id=\"dd6b4e8\" data-element_type=\"widget\" data-e-type=\"widget\" data-widget_type=\"social-icons.default\">\n\t\t\t\t\t\t\t<div class=\"elementor-social-icons-wrapper elementor-grid\">\n\t\t\t\t\t\t\t<span class=\"elementor-grid-item\">\n\t\t\t\t\t<a class=\"elementor-icon elementor-social-icon elementor-social-icon-linkedin elementor-repeater-item-f902ac6\" href=\"https:\/\/www.linkedin.com\/in\/antoine-dalleinne-4a11b91\/\" target=\"_blank\">\n\t\t\t\t\t\t<span class=\"elementor-screen-only\">Linkedin<\/span>\n\t\t\t\t\t\t<svg aria-hidden=\"true\" class=\"e-font-icon-svg e-fab-linkedin\" viewBox=\"0 0 448 512\" xmlns=\"http:\/\/www.w3.org\/2000\/svg\"><path d=\"M416 32H31.9C14.3 32 0 46.5 0 64.3v383.4C0 465.5 14.3 480 31.9 480H416c17.6 0 32-14.5 32-32.3V64.3c0-17.8-14.4-32.3-32-32.3zM135.4 416H69V202.2h66.5V416zm-33.2-243c-21.3 0-38.5-17.3-38.5-38.5S80.9 96 102.2 96c21.2 0 38.5 17.3 38.5 38.5 0 21.3-17.2 38.5-38.5 38.5zm282.1 243h-66.4V312c0-24.8-.5-56.7-34.5-56.7-34.6 0-39.9 27-39.9 54.9V416h-66.4V202.2h63.7v29.2h.9c8.9-16.8 30.6-34.5 62.9-34.5 67.2 0 79.7 44.3 79.7 101.9V416z\"><\/path><\/svg>\t\t\t\t\t<\/a>\n\t\t\t\t<\/span>\n\t\t\t\t\t<\/div>\n\t\t\t\t\t\t<\/div>\n\t\t\t\t<\/div>\n\t\t<div class=\"elementor-element elementor-element-e8f5dc6 e-con-full e-flex e-con e-child\" data-id=\"e8f5dc6\" data-element_type=\"container\" data-e-type=\"container\">\n\t\t\t\t<div class=\"elementor-element elementor-element-4863253 elementor-widget elementor-widget-image\" data-id=\"4863253\" data-element_type=\"widget\" data-e-type=\"widget\" data-widget_type=\"image.default\">\n\t\t\t\t\t\t\t\t\t\t\t\t\t\t\t\t<a href=\"https:\/\/www.linkedin.com\/in\/antoine-dalleinne-4a11b91\/\">\n\t\t\t\t\t\t\t<img fetchpriority=\"high\" decoding=\"async\" width=\"1024\" height=\"683\" src=\"https:\/\/moncoachfinance.fr\/wp-content\/uploads\/2025\/10\/16032024-4715-3-1024x683.jpg\" class=\"attachment-large size-large wp-image-298\" alt=\"\" srcset=\"https:\/\/moncoachfinance.fr\/wp-content\/uploads\/2025\/10\/16032024-4715-3-1024x683.jpg 1024w, https:\/\/moncoachfinance.fr\/wp-content\/uploads\/2025\/10\/16032024-4715-3-300x200.jpg 300w, https:\/\/moncoachfinance.fr\/wp-content\/uploads\/2025\/10\/16032024-4715-3-768x512.jpg 768w, https:\/\/moncoachfinance.fr\/wp-content\/uploads\/2025\/10\/16032024-4715-3-1536x1024.jpg 1536w, https:\/\/moncoachfinance.fr\/wp-content\/uploads\/2025\/10\/16032024-4715-3-2048x1365.jpg 2048w\" sizes=\"(max-width: 1024px) 100vw, 1024px\" \/>\t\t\t\t\t\t\t\t<\/a>\n\t\t\t\t\t\t\t\t\t\t\t\t\t\t\t<\/div>\n\t\t\t\t<\/div>\n\t\t\t\t\t<\/div>\n\t\t\t\t<\/div>\n\t\t<div class=\"elementor-element elementor-element-a33d452 e-flex e-con-boxed e-con e-parent\" data-id=\"a33d452\" data-element_type=\"container\" data-e-type=\"container\">\n\t\t\t\t\t<div class=\"e-con-inner\">\n\t\t\t\t<div class=\"elementor-element elementor-element-3488efd elementor-widget__width-initial elementor-widget elementor-widget-text-editor\" data-id=\"3488efd\" data-element_type=\"widget\" data-e-type=\"widget\" data-widget_type=\"text-editor.default\">\n\t\t\t\t\t\t\t\t\t<p data-start=\"498\" data-end=\"911\">\u00a0<\/p><p data-start=\"498\" data-end=\"911\">Apr\u00e8s une pr\u00e9pa et une \u00e9cole d&rsquo;ing\u00e9nieur, j&rsquo;ai travaill\u00e9 pendant 17 ans dans l\u2019industrie, sur des postes expos\u00e9s et \u00e0 forts enjeux dans des contextes \u00e9conomiques tr\u00e8s contraints. Cette p\u00e9riode m\u2019a permis de d\u00e9velopper rigueur, m\u00e9thode, esprit d\u2019analyse et surtout, de d\u00e9couvrir ma v\u00e9ritable passion : <strong data-start=\"838\" data-end=\"910\">r\u00e9soudre des probl\u00e8mes complexes tout en aidant les autres \u00e0 r\u00e9ussir<\/strong>.<\/p><p>Depuis toujours, je r\u00eavais d\u2019investir dans l\u2019immobilier et d\u2019entreprendre. Mais comme beaucoup, je ne savais pas par o\u00f9 commencer\u2026 manque de confiance, de rep\u00e8res, d\u2019id\u00e9es.<br data-start=\"1085\" data-end=\"1088\" \/>C\u2019est l\u2019arriv\u00e9e de notre quatri\u00e8me enfant, l\u2019\u00e9nergie de ma femme et l\u2019envie de vivre une autre vie qui nous ont pouss\u00e9s \u00e0 revoir nos projets, d\u00e9passer nos peurs, monter en comp\u00e9tences, et enfin <strong data-start=\"1282\" data-end=\"1297\">nous lancer<\/strong>.<\/p><p>D\u00e8s 2016, nous avons achet\u00e9 nos trois premiers appartements (le grand saut dans l\u2019inconnu !), puis un immeuble, puis un deuxi\u00e8me\u2026 Ce parcours nous a permis d\u2019apprendre \u00e9norm\u00e9ment, de cr\u00e9er de la valeur, de <strong data-start=\"1506\" data-end=\"1552\">d\u00e9velopper nos comp\u00e9tences d\u2019entrepreneurs<\/strong>, d\u2019augmenter nos revenus, notre patrimoine et de mieux s\u00e9curiser notre avenir (\u00e9tudes des enfants, retraite, pr\u00e9voyance&#8230;).<\/p><p>En 2019, j\u2019ai quitt\u00e9 le salariat. Apr\u00e8s de nombreuses rencontres et r\u00e9flexions (ouvrir un Biocoop, passer un CAP de ma\u00e7on ou de menuisier, devenir expert-comptable\u2026), j\u2019ai choisi de compl\u00e9ter mes comp\u00e9tences par un <strong data-start=\"1911\" data-end=\"1946\">Master en gestion de patrimoine<\/strong> pour :<\/p><ul data-start=\"1955\" data-end=\"2262\"><li data-start=\"1955\" data-end=\"2056\"><p data-start=\"1957\" data-end=\"2056\">Structurer mes connaissances (fiscalit\u00e9, r\u00e9gimes matrimoniaux, transmission, investissements, etc.)<\/p><\/li><li data-start=\"2057\" data-end=\"2125\"><p data-start=\"2059\" data-end=\"2125\">Comprendre l\u2019envers du d\u00e9cor de la gestion de patrimoine en France<\/p><\/li><li data-start=\"2126\" data-end=\"2262\"><p data-start=\"2128\" data-end=\"2262\">Et surtout : <strong data-start=\"2141\" data-end=\"2243\">accompagner des familles et des entrepreneurs \u00e0 mettre l\u2019argent au service de leurs projets de vie<\/strong>, et non l\u2019inverse.<\/p><\/li><\/ul><p data-start=\"2264\" data-end=\"2314\">Aujourd\u2019hui, j\u2019ai deux activit\u00e9s principales :<\/p><ul data-start=\"2316\" data-end=\"2724\"><li data-start=\"2316\" data-end=\"2370\"><p data-start=\"2318\" data-end=\"2370\"><strong data-start=\"2318\" data-end=\"2357\">La gestion de notre parc immobilier<\/strong> (avec ma femme)<\/p><\/li><li data-start=\"2371\" data-end=\"2724\"><p data-start=\"2373\" data-end=\"2724\"><strong data-start=\"2373\" data-end=\"2404\">La formation et le coaching<\/strong> : j\u2019aide les familles et les entrepreneurs \u00e0 prendre du recul sur leur situation, d\u00e9finir des objectifs clairs, b\u00e2tir une strat\u00e9gie, et avancer \u00e9tape par \u00e9tape, avec m\u00e9thode et s\u00e9r\u00e9nit\u00e9.<br data-start=\"2591\" data-end=\"2594\" \/>Je suis totalement <strong data-start=\"2613\" data-end=\"2623\">neutre<\/strong> : je ne vends <strong data-start=\"2638\" data-end=\"2665\">aucun produit financier<\/strong>, seulement <strong data-start=\"2677\" data-end=\"2723\">mon expertise et mes formations.\u00a0<\/strong><\/p><\/li><\/ul><p data-start=\"2731\" data-end=\"3204\">Mon go\u00fbt pour les chiffres, l&rsquo;organisation, la p\u00e9dagogie et la r\u00e9solution de probl\u00e8mes m&rsquo;a conduit \u00e0 d\u00e9velopper une passion atypique pour tout ce qui touche \u00e0 <strong data-start=\"2890\" data-end=\"2910\">l\u2019investissement<\/strong>, <strong data-start=\"2912\" data-end=\"2935\">la fiscalit\u00e9 \u00e0 360\u00b0<\/strong>, <strong data-start=\"2937\" data-end=\"2954\">la pr\u00e9voyance<\/strong>, <strong data-start=\"2956\" data-end=\"2971\">la retraite<\/strong>, et la <strong data-start=\"2979\" data-end=\"3000\">gestion de projet<\/strong>.<br data-start=\"3001\" data-end=\"3004\" \/>Mais avec le recul, ce que j\u2019aime par-dessus tout, c\u2019est de <strong data-start=\"3064\" data-end=\"3133\">vous voir avancer dans une direction qui vous corresponde vraiment<\/strong>. Je veux vous voir gagner en confiance, en comp\u00e9tence et en autonomie.<\/p><p><strong>Ma conviction profonde :<\/strong><\/p><p data-start=\"3237\" data-end=\"3319\"><strong data-start=\"3237\" data-end=\"3319\">Pour r\u00e9ussir ses projets de vie, il faut une vision, de la m\u00e9thode, d\u00e9velopper ses comp\u00e9tences et \u00eatre bien entour\u00e9.<\/strong><\/p><p data-start=\"3484\" data-end=\"3734\">C\u2019est exactement ce que je vous propose \u00e0 travers <strong data-start=\"3534\" data-end=\"3555\">Mon Coach Finance<\/strong> :<\/p><p data-start=\"3484\" data-end=\"3734\">\ud83c\udf93 <strong data-start=\"3563\" data-end=\"3592\">Des contenus p\u00e9dagogiques<\/strong> (vid\u00e9os, supports, simulateurs&#8230;)<br data-start=\"3627\" data-end=\"3630\" \/>\ud83e\udd1d <strong data-start=\"3633\" data-end=\"3659\">Du coaching sur-mesure<\/strong>, pour r\u00e9pondre \u00e0 vos questions, lever vos doutes et prendre de la hauteur.<\/p>\t\t\t\t\t\t\t\t<\/div>\n\t\t\t\t<div class=\"elementor-element elementor-element-a4930b2 elementor-shape-rounded elementor-grid-0 e-grid-align-center elementor-widget elementor-widget-social-icons\" data-id=\"a4930b2\" data-element_type=\"widget\" data-e-type=\"widget\" data-widget_type=\"social-icons.default\">\n\t\t\t\t\t\t\t<div class=\"elementor-social-icons-wrapper elementor-grid\">\n\t\t\t\t\t\t\t<span class=\"elementor-grid-item\">\n\t\t\t\t\t<a class=\"elementor-icon elementor-social-icon elementor-social-icon-linkedin elementor-repeater-item-9111fd1\" href=\"https:\/\/www.linkedin.com\/in\/antoine-dalleinne-4a11b91\/\" target=\"_blank\">\n\t\t\t\t\t\t<span class=\"elementor-screen-only\">Linkedin<\/span>\n\t\t\t\t\t\t<svg aria-hidden=\"true\" class=\"e-font-icon-svg e-fab-linkedin\" viewBox=\"0 0 448 512\" xmlns=\"http:\/\/www.w3.org\/2000\/svg\"><path d=\"M416 32H31.9C14.3 32 0 46.5 0 64.3v383.4C0 465.5 14.3 480 31.9 480H416c17.6 0 32-14.5 32-32.3V64.3c0-17.8-14.4-32.3-32-32.3zM135.4 416H69V202.2h66.5V416zm-33.2-243c-21.3 0-38.5-17.3-38.5-38.5S80.9 96 102.2 96c21.2 0 38.5 17.3 38.5 38.5 0 21.3-17.2 38.5-38.5 38.5zm282.1 243h-66.4V312c0-24.8-.5-56.7-34.5-56.7-34.6 0-39.9 27-39.9 54.9V416h-66.4V202.2h63.7v29.2h.9c8.9-16.8 30.6-34.5 62.9-34.5 67.2 0 79.7 44.3 79.7 101.9V416z\"><\/path><\/svg>\t\t\t\t\t<\/a>\n\t\t\t\t<\/span>\n\t\t\t\t\t<\/div>\n\t\t\t\t\t\t<\/div>\n\t\t\t\t<div class=\"elementor-element elementor-element-12c0e4e elementor-mobile-align-center elementor-widget elementor-widget-button\" data-id=\"12c0e4e\" data-element_type=\"widget\" data-e-type=\"widget\" data-widget_type=\"button.default\">\n\t\t\t\t\t\t\t\t\t\t<a class=\"elementor-button elementor-button-link elementor-size-sm\" href=\"https:\/\/cal.com\/mon-coach-finance\/30min\">\n\t\t\t\t\t\t<span class=\"elementor-button-content-wrapper\">\n\t\t\t\t\t\t\t\t\t<span class=\"elementor-button-text\">RDV d\u00e9couverte<\/span>\n\t\t\t\t\t<\/span>\n\t\t\t\t\t<\/a>\n\t\t\t\t\t\t\t\t<\/div>\n\t\t\t\t\t<\/div>\n\t\t\t\t<\/div>\n\t\t<div class=\"elementor-element elementor-element-cdb2abe e-flex e-con-boxed e-con e-parent\" data-id=\"cdb2abe\" data-element_type=\"container\" data-e-type=\"container\">\n\t\t\t\t\t<div class=\"e-con-inner\">\n\t\t\t\t<div class=\"elementor-element elementor-element-c0a950a elementor-widget elementor-widget-heading\" data-id=\"c0a950a\" data-element_type=\"widget\" data-e-type=\"widget\" data-widget_type=\"heading.default\">\n\t\t\t\t\t<h2 class=\"elementor-heading-title elementor-size-default\"><br>Envie de nous entendre<\/h2>\t\t\t\t<\/div>\n\t\t\t\t<div class=\"elementor-element elementor-element-d4ea46d elementor-widget elementor-widget-text-editor\" data-id=\"d4ea46d\" data-element_type=\"widget\" data-e-type=\"widget\" data-widget_type=\"text-editor.default\">\n\t\t\t\t\t\t\t\t\t<p><strong>Podcast avec les investisseurs sereins (sur les liens ci-dessous ou directement sur les plateformes de podcast) :<\/strong><\/p><p><a href=\"https:\/\/podcasts.audiomeans.fr\/avenirserein-27b3c7e4b184\/88-interview-claire-dalleinne-devenir-libre-financierement-en-4-ans-avec-4-enfants-d32c3755\">Claire expliquant notre parcours d&rsquo;investissement<\/a> \u00e9pisode 88<\/p><p><a href=\"https:\/\/podcasts.audiomeans.fr\/avenirserein-27b3c7e4b184\/90-comprendre-ses-partenaires-le-conseiller-en-gestion-de-patrimoine-avec-antoine-dalleinne-f881d874\">Antoine expliquant son dipl\u00f4me de conseiller en gestion de patrimoine<\/a> \u00e9pisode 90<\/p>\t\t\t\t\t\t\t\t<\/div>\n\t\t\t\t\t<\/div>\n\t\t\t\t<\/div>\n\t\t\t\t<\/div>\n\t\t","protected":false},"excerpt":{"rendered":"<p>Antoine Dalleinne Je suis\u00a0 passionn\u00e9 par l\u2019apprentissage, les chiffres, l\u2019humain, le concret\u2026 et donc naturellement par l\u2019immobilier, l\u2019entrepreneuriat, et plus [&hellip;]<\/p>\n","protected":false},"author":1,"featured_media":0,"parent":0,"menu_order":0,"comment_status":"closed","ping_status":"closed","template":"","meta":{"site-sidebar-layout":"no-sidebar","site-content-layout":"","ast-site-content-layout":"full-width-container","site-content-style":"default","site-sidebar-style":"default","ast-global-header-display":"","ast-banner-title-visibility":"","ast-main-header-display":"","ast-hfb-above-header-display":"","ast-hfb-below-header-display":"","ast-hfb-mobile-header-display":"","site-post-title":"disabled","ast-breadcrumbs-content":"","ast-featured-img":"disabled","footer-sml-layout":"","ast-disable-related-posts":"","theme-transparent-header-meta":"","adv-header-id-meta":"","stick-header-meta":"","header-above-stick-meta":"","header-main-stick-meta":"","header-below-stick-meta":"","astra-migrate-meta-layouts":"default","ast-page-background-enabled":"default","ast-page-background-meta":{"desktop":{"background-color":"var(--ast-global-color-5)","background-image":"","background-repeat":"repeat","background-position":"center center","background-size":"auto","background-attachment":"scroll","background-type":"","background-media":"","overlay-type":"","overlay-color":"","overlay-opacity":"","overlay-gradient":""},"tablet":{"background-color":"","background-image":"","background-repeat":"repeat","background-position":"center center","background-size":"auto","background-attachment":"scroll","background-type":"","background-media":"","overlay-type":"","overlay-color":"","overlay-opacity":"","overlay-gradient":""},"mobile":{"background-color":"","background-image":"","background-repeat":"repeat","background-position":"center center","background-size":"auto","background-attachment":"scroll","background-type":"","background-media":"","overlay-type":"","overlay-color":"","overlay-opacity":"","overlay-gradient":""}},"ast-content-background-meta":{"desktop":{"background-color":"var(--ast-global-color-4)","background-image":"","background-repeat":"repeat","background-position":"center center","background-size":"auto","background-attachment":"scroll","background-type":"","background-media":"","overlay-type":"","overlay-color":"","overlay-opacity":"","overlay-gradient":""},"tablet":{"background-color":"var(--ast-global-color-4)","background-image":"","background-repeat":"repeat","background-position":"center center","background-size":"auto","background-attachment":"scroll","background-type":"","background-media":"","overlay-type":"","overlay-color":"","overlay-opacity":"","overlay-gradient":""},"mobile":{"background-color":"var(--ast-global-color-4)","background-image":"","background-repeat":"repeat","background-position":"center center","background-size":"auto","background-attachment":"scroll","background-type":"","background-media":"","overlay-type":"","overlay-color":"","overlay-opacity":"","overlay-gradient":""}},"footnotes":""},"class_list":["post-219","page","type-page","status-publish","hentry"],"_links":{"self":[{"href":"https:\/\/moncoachfinance.fr\/index.php\/wp-json\/wp\/v2\/pages\/219","targetHints":{"allow":["GET"]}}],"collection":[{"href":"https:\/\/moncoachfinance.fr\/index.php\/wp-json\/wp\/v2\/pages"}],"about":[{"href":"https:\/\/moncoachfinance.fr\/index.php\/wp-json\/wp\/v2\/types\/page"}],"author":[{"embeddable":true,"href":"https:\/\/moncoachfinance.fr\/index.php\/wp-json\/wp\/v2\/users\/1"}],"replies":[{"embeddable":true,"href":"https:\/\/moncoachfinance.fr\/index.php\/wp-json\/wp\/v2\/comments?post=219"}],"version-history":[{"count":130,"href":"https:\/\/moncoachfinance.fr\/index.php\/wp-json\/wp\/v2\/pages\/219\/revisions"}],"predecessor-version":[{"id":1705,"href":"https:\/\/moncoachfinance.fr\/index.php\/wp-json\/wp\/v2\/pages\/219\/revisions\/1705"}],"wp:attachment":[{"href":"https:\/\/moncoachfinance.fr\/index.php\/wp-json\/wp\/v2\/media?parent=219"}],"curies":[{"name":"wp","href":"https:\/\/api.w.org\/{rel}","templated":true}]}}