{"id":574,"date":"2025-10-10T15:19:18","date_gmt":"2025-10-10T15:19:18","guid":{"rendered":"https:\/\/moncoachfinance.fr\/?page_id=574"},"modified":"2026-02-13T10:03:09","modified_gmt":"2026-02-13T10:03:09","slug":"accueil-2","status":"publish","type":"page","link":"https:\/\/moncoachfinance.fr\/","title":{"rendered":"Accueil"},"content":{"rendered":"\t\t<div data-elementor-type=\"wp-page\" data-elementor-id=\"574\" class=\"elementor elementor-574\">\n\t\t\t\t<div class=\"elementor-element elementor-element-9e58476 e-flex e-con-boxed e-con e-parent\" data-id=\"9e58476\" data-element_type=\"container\" data-e-type=\"container\">\n\t\t\t\t\t<div class=\"e-con-inner\">\n\t\t\t\t<div class=\"elementor-element elementor-element-485194c elementor-widget__width-initial elementor-widget elementor-widget-heading\" data-id=\"485194c\" data-element_type=\"widget\" data-e-type=\"widget\" data-widget_type=\"heading.default\">\n\t\t\t\t\t<h2 class=\"elementor-heading-title elementor-size-default\">D\u00e9cider avec clart\u00e9 sur vos revenus, votre patrimoine et vos investissements<\/h2>\t\t\t\t<\/div>\n\t\t\t\t<div class=\"elementor-element elementor-element-38dcf5a elementor-widget elementor-widget-heading\" data-id=\"38dcf5a\" data-element_type=\"widget\" data-e-type=\"widget\" data-widget_type=\"heading.default\">\n\t\t\t\t\t<h2 class=\"elementor-heading-title elementor-size-default\">Pour les entrepreneurs et leurs familles qui veulent faire les bons choix, au bon moment, en coh\u00e9rence avec leur vie.<\/h2>\t\t\t\t<\/div>\n\t\t<div class=\"elementor-element elementor-element-825d844 e-grid e-con-full e-con e-child\" data-id=\"825d844\" data-element_type=\"container\" data-e-type=\"container\">\n\t\t\t\t<div class=\"elementor-element elementor-element-b566992 elementor-widget elementor-widget-text-editor\" data-id=\"b566992\" data-element_type=\"widget\" data-e-type=\"widget\" data-widget_type=\"text-editor.default\">\n\t\t\t\t\t\t\t\t\t<p data-start=\"998\" data-end=\"1172\">Beaucoup d\u2019entrepreneurs et de familles gagnent bien leur vie\u2026<br data-start=\"1060\" data-end=\"1063\" \/>mais h\u00e9sitent au moment de d\u00e9cider :<br data-start=\"1101\" data-end=\"1104\" \/>se verser plus, investir, acheter, transmettre, changer de statut.<\/p><p data-start=\"1177\" data-end=\"1268\">Le probl\u00e8me n\u2019est pas l\u2019argent.<br data-start=\"1208\" data-end=\"1211\" \/><strong data-start=\"1213\" data-end=\"1268\">C\u2019est le manque de clart\u00e9 pour d\u00e9cider sereinement.<\/strong><\/p>\t\t\t\t\t\t\t\t<\/div>\n\t\t\t\t<div class=\"elementor-element elementor-element-54de0b6 elementor-widget elementor-widget-image\" data-id=\"54de0b6\" data-element_type=\"widget\" data-e-type=\"widget\" data-widget_type=\"image.default\">\n\t\t\t\t\t\t\t\t\t\t\t\t\t\t\t<img fetchpriority=\"high\" decoding=\"async\" width=\"299\" height=\"299\" src=\"https:\/\/moncoachfinance.fr\/wp-content\/uploads\/2025\/10\/Photo-Antoine-RL.jpg\" class=\"attachment-medium size-medium wp-image-363\" alt=\"\" srcset=\"https:\/\/moncoachfinance.fr\/wp-content\/uploads\/2025\/10\/Photo-Antoine-RL.jpg 299w, https:\/\/moncoachfinance.fr\/wp-content\/uploads\/2025\/10\/Photo-Antoine-RL-150x150.jpg 150w\" sizes=\"(max-width: 299px) 100vw, 299px\" \/>\t\t\t\t\t\t\t\t\t\t\t\t\t\t\t<\/div>\n\t\t\t\t<\/div>\n\t\t<div class=\"elementor-element elementor-element-151581c e-grid e-con-full e-con e-child\" data-id=\"151581c\" data-element_type=\"container\" data-e-type=\"container\">\n\t\t\t\t<div class=\"elementor-element elementor-element-8e24654 elementor-align-center elementor-widget elementor-widget-button\" data-id=\"8e24654\" data-element_type=\"widget\" data-e-type=\"widget\" data-widget_type=\"button.default\">\n\t\t\t\t\t\t\t\t\t\t<a class=\"elementor-button elementor-button-link elementor-size-sm\" href=\"https:\/\/moncoachfinance.fr\/index.php\/clarte-entrepreneur\/\">\n\t\t\t\t\t\t<span class=\"elementor-button-content-wrapper\">\n\t\t\t\t\t\t\t\t\t<span class=\"elementor-button-text\">Je suis entrepreneur<\/span>\n\t\t\t\t\t<\/span>\n\t\t\t\t\t<\/a>\n\t\t\t\t\t\t\t\t<\/div>\n\t\t\t\t<div class=\"elementor-element elementor-element-6b33fe9 elementor-align-center elementor-widget elementor-widget-button\" data-id=\"6b33fe9\" data-element_type=\"widget\" data-e-type=\"widget\" data-widget_type=\"button.default\">\n\t\t\t\t\t\t\t\t\t\t<a class=\"elementor-button elementor-button-link elementor-size-sm\" href=\"https:\/\/moncoachfinance.fr\/index.php\/clarte-patrimoniale\/\">\n\t\t\t\t\t\t<span class=\"elementor-button-content-wrapper\">\n\t\t\t\t\t\t\t\t\t<span class=\"elementor-button-text\">Je veux une vision patrimoniale<\/span>\n\t\t\t\t\t<\/span>\n\t\t\t\t\t<\/a>\n\t\t\t\t\t\t\t\t<\/div>\n\t\t\t\t<\/div>\n\t\t\t\t<div class=\"elementor-element elementor-element-6cbdd61 elementor-widget elementor-widget-image\" data-id=\"6cbdd61\" data-element_type=\"widget\" data-e-type=\"widget\" data-widget_type=\"image.default\">\n\t\t\t\t\t\t\t\t\t\t\t\t\t\t\t<img decoding=\"async\" src=\"https:\/\/moncoachfinance.fr\/wp-content\/uploads\/2025\/10\/Design-sans-titre1.png\" title=\"Design sans titre(1)\" alt=\"Design sans titre(1)\" loading=\"lazy\" \/>\t\t\t\t\t\t\t\t\t\t\t\t\t\t\t<\/div>\n\t\t\t\t\t<\/div>\n\t\t\t\t<\/div>\n\t\t<div class=\"elementor-element elementor-element-29d8b77 e-grid e-con-boxed e-con e-parent\" data-id=\"29d8b77\" data-element_type=\"container\" data-e-type=\"container\" data-settings=\"{&quot;background_background&quot;:&quot;classic&quot;}\">\n\t\t\t\t\t<div class=\"e-con-inner\">\n\t\t\t\t<div class=\"elementor-element elementor-element-e3558cd elementor-widget elementor-widget-text-editor\" data-id=\"e3558cd\" data-element_type=\"widget\" data-e-type=\"widget\" data-widget_type=\"text-editor.default\">\n\t\t\t\t\t\t\t\t\t<h3 style=\"text-align: center;\" data-start=\"1374\" data-end=\"1509\"><strong>Clart\u00e9 Entrepreneur<\/strong><\/h3><p data-start=\"1374\" data-end=\"1509\">Pour les entrepreneurs qui veulent structurer leur activit\u00e9,<br data-start=\"1434\" data-end=\"1437\" \/>piloter leurs revenus et prendre des d\u00e9cisions business avec s\u00e9r\u00e9nit\u00e9.<\/p><p data-start=\"1511\" data-end=\"1533\"><strong data-start=\"1511\" data-end=\"1533\">Ce que \u00e7a permet :<\/strong><\/p><ul data-start=\"1534\" data-end=\"1628\"><li data-start=\"1534\" data-end=\"1557\"><p data-start=\"1536\" data-end=\"1557\">Savoir quoi se verser<\/p><\/li><li data-start=\"1558\" data-end=\"1598\"><p data-start=\"1560\" data-end=\"1598\">Comprendre ses marges et ses priorit\u00e9s<\/p><\/li><li data-start=\"1599\" data-end=\"1628\"><p data-start=\"1601\" data-end=\"1628\">D\u00e9cider sans naviguer \u00e0 vue<\/p><\/li><\/ul>\t\t\t\t\t\t\t\t<\/div>\n\t\t\t\t<div class=\"elementor-element elementor-element-8fcf4fd elementor-align-center elementor-widget elementor-widget-button\" data-id=\"8fcf4fd\" data-element_type=\"widget\" data-e-type=\"widget\" data-widget_type=\"button.default\">\n\t\t\t\t\t\t\t\t\t\t<a class=\"elementor-button elementor-button-link elementor-size-sm\" href=\"https:\/\/moncoachfinance.fr\/index.php\/clarte-entrepreneur\/\">\n\t\t\t\t\t\t<span class=\"elementor-button-content-wrapper\">\n\t\t\t\t\t\t\t\t\t<span class=\"elementor-button-text\">D\u00e9couvrir Clart\u00e9 entrepreneur<\/span>\n\t\t\t\t\t<\/span>\n\t\t\t\t\t<\/a>\n\t\t\t\t\t\t\t\t<\/div>\n\t\t\t\t<div class=\"elementor-element elementor-element-51277fe elementor-widget elementor-widget-text-editor\" data-id=\"51277fe\" data-element_type=\"widget\" data-e-type=\"widget\" data-widget_type=\"text-editor.default\">\n\t\t\t\t\t\t\t\t\t<div data-id=\"4c8318f\" data-element_type=\"container\"><div><div data-id=\"376aa92\" data-element_type=\"widget\" data-widget_type=\"heading.default\"><h3 style=\"text-align: center;\"><strong>Clart\u00e9 Patrimoniale<\/strong><\/h3><p data-start=\"1803\" data-end=\"1928\">Pour anticiper et s\u00e9curiser les d\u00e9cisions importantes de la vie :<br data-start=\"1868\" data-end=\"1871\" \/>immobilier, \u00e9tudes des enfants, retraite, transmission.<\/p><p data-start=\"1930\" data-end=\"1952\"><strong data-start=\"1930\" data-end=\"1952\">Ce que \u00e7a permet :<\/strong><\/p><ul data-start=\"1953\" data-end=\"2055\"><li data-start=\"1953\" data-end=\"1991\"><p data-start=\"1955\" data-end=\"1991\">Se projeter avec des chiffres clairs<\/p><\/li><li data-start=\"1992\" data-end=\"2016\"><p data-start=\"1994\" data-end=\"2016\">Arbitrer sans pression<\/p><\/li><li data-start=\"2017\" data-end=\"2055\"><p data-start=\"2019\" data-end=\"2055\">Aligner patrimoine et projets de vie<\/p><\/li><\/ul><\/div><\/div><\/div><div class=\"elementor-element elementor-element-14f0f33 e-flex e-con-boxed e-con e-parent e-lazyloaded\" data-id=\"14f0f33\" data-element_type=\"container\"><div class=\"e-con-inner\"><div class=\"elementor-element elementor-element-0fb50ee elementor-widget elementor-widget-text-editor\" data-id=\"0fb50ee\" data-element_type=\"widget\" data-widget_type=\"text-editor.default\">\u00a0<\/div><\/div><\/div>\t\t\t\t\t\t\t\t<\/div>\n\t\t\t\t<div class=\"elementor-element elementor-element-2af60dc elementor-align-center elementor-widget elementor-widget-button\" data-id=\"2af60dc\" data-element_type=\"widget\" data-e-type=\"widget\" data-widget_type=\"button.default\">\n\t\t\t\t\t\t\t\t\t\t<a class=\"elementor-button elementor-button-link elementor-size-sm\" href=\"https:\/\/moncoachfinance.fr\/index.php\/clarte-patrimoniale\/\">\n\t\t\t\t\t\t<span class=\"elementor-button-content-wrapper\">\n\t\t\t\t\t\t\t\t\t<span class=\"elementor-button-text\">D\u00e9couvrir Clart\u00e9 patrimoiniale<\/span>\n\t\t\t\t\t<\/span>\n\t\t\t\t\t<\/a>\n\t\t\t\t\t\t\t\t<\/div>\n\t\t\t\t\t<\/div>\n\t\t\t\t<\/div>\n\t\t<div class=\"elementor-element elementor-element-ab8228d e-flex e-con-boxed e-con e-parent\" data-id=\"ab8228d\" data-element_type=\"container\" data-e-type=\"container\">\n\t\t\t\t\t<div class=\"e-con-inner\">\n\t\t\t\t<div class=\"elementor-element elementor-element-977370c elementor-widget elementor-widget-heading\" data-id=\"977370c\" data-element_type=\"widget\" data-e-type=\"widget\" data-widget_type=\"heading.default\">\n\t\t\t\t\t<h2 class=\"elementor-heading-title elementor-size-default\"><br>Pourquoi se faire accompagner ici ?<br><\/h2>\t\t\t\t<\/div>\n\t\t\t\t<div class=\"elementor-element elementor-element-d660a60 elementor-widget elementor-widget-text-editor\" data-id=\"d660a60\" data-element_type=\"widget\" data-e-type=\"widget\" data-widget_type=\"text-editor.default\">\n\t\t\t\t\t\t\t\t\t<p>\u00a0<\/p><ul><li data-start=\"2112\" data-end=\"2178\"><p data-start=\"2114\" data-end=\"2178\">Une approche <strong data-start=\"2127\" data-end=\"2138\">globale<\/strong> : pro et perso ne sont jamais s\u00e9par\u00e9s<\/p><\/li><li data-start=\"2181\" data-end=\"2245\"><p data-start=\"2183\" data-end=\"2245\">Une <strong data-start=\"2187\" data-end=\"2208\">neutralit\u00e9 totale<\/strong> : aucun produit financier \u00e0 vendre<\/p><\/li><li data-start=\"2181\" data-end=\"2245\">La possibilit\u00e9 d&rsquo;avoir des RDV individuel avec un vrai coaching personnalis\u00e9.<\/li><li data-start=\"2248\" data-end=\"2311\"><p data-start=\"2250\" data-end=\"2311\">Un accompagnement orient\u00e9 <strong data-start=\"2276\" data-end=\"2298\">d\u00e9cision et action<\/strong>, pas th\u00e9orie<\/p><\/li><li data-start=\"2248\" data-end=\"2311\"><p data-start=\"2250\" data-end=\"2311\">La possibilit\u00e9 d&rsquo;avoir des RDV individuel avec un vrai coaching personnalis\u00e9.<\/p><\/li><li data-start=\"2248\" data-end=\"2311\"><p data-start=\"2250\" data-end=\"2311\">Investisseur immobilier expert. Pas que sur le papier, en vrai ! Avec les r\u00e9ussites, les \u00e9checs !<\/p><\/li><li data-start=\"2248\" data-end=\"2311\">La conviction que la vraie transmission de patrimoine est celle qui transmet des comp\u00e9tences, un \u00e9tat d&rsquo;esprit et des valeurs<\/li><\/ul>\t\t\t\t\t\t\t\t<\/div>\n\t\t\t\t<div class=\"elementor-element elementor-element-03c5c71 elementor-widget elementor-widget-heading\" data-id=\"03c5c71\" data-element_type=\"widget\" data-e-type=\"widget\" data-widget_type=\"heading.default\">\n\t\t\t\t\t<h2 class=\"elementor-heading-title elementor-size-default\">Vous h\u00e9sitez sur la bonne d\u00e9cision \u00e0 prendre ?\n<\/h2>\t\t\t\t<\/div>\n\t\t\t\t<div class=\"elementor-element elementor-element-0118116 elementor-widget elementor-widget-text-editor\" data-id=\"0118116\" data-element_type=\"widget\" data-e-type=\"widget\" data-widget_type=\"text-editor.default\">\n\t\t\t\t\t\t\t\t\t<p>Je vous propose un rendez-vous d\u00e9couverte pour faire le point sur votre situation<br \/>et voir si un accompagnement est pertinent pour vous.<\/p>\t\t\t\t\t\t\t\t<\/div>\n\t\t\t\t<div class=\"elementor-element elementor-element-26030fc elementor-align-center elementor-widget elementor-widget-button\" data-id=\"26030fc\" data-element_type=\"widget\" data-e-type=\"widget\" data-widget_type=\"button.default\">\n\t\t\t\t\t\t\t\t\t\t<a class=\"elementor-button elementor-button-link elementor-size-sm\" href=\"https:\/\/cal.com\/mon-coach-finance\/30min\">\n\t\t\t\t\t\t<span class=\"elementor-button-content-wrapper\">\n\t\t\t\t\t\t\t\t\t<span class=\"elementor-button-text\">Prendre un rdv d\u00e9couverte<\/span>\n\t\t\t\t\t<\/span>\n\t\t\t\t\t<\/a>\n\t\t\t\t\t\t\t\t<\/div>\n\t\t\t\t<div class=\"elementor-element elementor-element-310d377 elementor-shape-rounded elementor-grid-0 e-grid-align-center elementor-widget elementor-widget-social-icons\" data-id=\"310d377\" data-element_type=\"widget\" data-e-type=\"widget\" data-widget_type=\"social-icons.default\">\n\t\t\t\t\t\t\t<div class=\"elementor-social-icons-wrapper elementor-grid\">\n\t\t\t\t\t\t\t<span class=\"elementor-grid-item\">\n\t\t\t\t\t<a class=\"elementor-icon elementor-social-icon elementor-social-icon-linkedin elementor-repeater-item-1269640\" href=\"https:\/\/www.linkedin.com\/in\/antoine-dalleinne-4a11b91\/\" target=\"_blank\">\n\t\t\t\t\t\t<span class=\"elementor-screen-only\">Linkedin<\/span>\n\t\t\t\t\t\t<svg aria-hidden=\"true\" class=\"e-font-icon-svg e-fab-linkedin\" viewBox=\"0 0 448 512\" xmlns=\"http:\/\/www.w3.org\/2000\/svg\"><path d=\"M416 32H31.9C14.3 32 0 46.5 0 64.3v383.4C0 465.5 14.3 480 31.9 480H416c17.6 0 32-14.5 32-32.3V64.3c0-17.8-14.4-32.3-32-32.3zM135.4 416H69V202.2h66.5V416zm-33.2-243c-21.3 0-38.5-17.3-38.5-38.5S80.9 96 102.2 96c21.2 0 38.5 17.3 38.5 38.5 0 21.3-17.2 38.5-38.5 38.5zm282.1 243h-66.4V312c0-24.8-.5-56.7-34.5-56.7-34.6 0-39.9 27-39.9 54.9V416h-66.4V202.2h63.7v29.2h.9c8.9-16.8 30.6-34.5 62.9-34.5 67.2 0 79.7 44.3 79.7 101.9V416z\"><\/path><\/svg>\t\t\t\t\t<\/a>\n\t\t\t\t<\/span>\n\t\t\t\t\t<\/div>\n\t\t\t\t\t\t<\/div>\n\t\t\t\t\t<\/div>\n\t\t\t\t<\/div>\n\t\t<div class=\"elementor-element elementor-element-61dc982 e-grid e-con-boxed e-con e-parent\" data-id=\"61dc982\" data-element_type=\"container\" data-e-type=\"container\">\n\t\t\t\t\t<div class=\"e-con-inner\">\n\t\t\t\t\t<\/div>\n\t\t\t\t<\/div>\n\t\t<div class=\"elementor-element elementor-element-86fe90b e-flex e-con-boxed e-con e-parent\" data-id=\"86fe90b\" data-element_type=\"container\" data-e-type=\"container\">\n\t\t\t\t\t<div class=\"e-con-inner\">\n\t\t\t\t\t<\/div>\n\t\t\t\t<\/div>\n\t\t\t\t<\/div>\n\t\t","protected":false},"excerpt":{"rendered":"<p>D\u00e9cider avec clart\u00e9 sur vos revenus, votre patrimoine et vos investissements Pour les entrepreneurs et leurs familles qui veulent faire [&hellip;]<\/p>\n","protected":false},"author":1,"featured_media":0,"parent":0,"menu_order":0,"comment_status":"closed","ping_status":"closed","template":"","meta":{"site-sidebar-layout":"no-sidebar","site-content-layout":"","ast-site-content-layout":"full-width-container","site-content-style":"default","site-sidebar-style":"default","ast-global-header-display":"","ast-banner-title-visibility":"","ast-main-header-display":"","ast-hfb-above-header-display":"","ast-hfb-below-header-display":"","ast-hfb-mobile-header-display":"","site-post-title":"disabled","ast-breadcrumbs-content":"","ast-featured-img":"disabled","footer-sml-layout":"","ast-disable-related-posts":"","theme-transparent-header-meta":"","adv-header-id-meta":"","stick-header-meta":"","header-above-stick-meta":"","header-main-stick-meta":"","header-below-stick-meta":"","astra-migrate-meta-layouts":"default","ast-page-background-enabled":"default","ast-page-background-meta":{"desktop":{"background-color":"var(--ast-global-color-5)","background-image":"","background-repeat":"repeat","background-position":"center center","background-size":"auto","background-attachment":"scroll","background-type":"","background-media":"","overlay-type":"","overlay-color":"","overlay-opacity":"","overlay-gradient":""},"tablet":{"background-color":"","background-image":"","background-repeat":"repeat","background-position":"center center","background-size":"auto","background-attachment":"scroll","background-type":"","background-media":"","overlay-type":"","overlay-color":"","overlay-opacity":"","overlay-gradient":""},"mobile":{"background-color":"","background-image":"","background-repeat":"repeat","background-position":"center center","background-size":"auto","background-attachment":"scroll","background-type":"","background-media":"","overlay-type":"","overlay-color":"","overlay-opacity":"","overlay-gradient":""}},"ast-content-background-meta":{"desktop":{"background-color":"var(--ast-global-color-4)","background-image":"","background-repeat":"repeat","background-position":"center center","background-size":"auto","background-attachment":"scroll","background-type":"","background-media":"","overlay-type":"","overlay-color":"","overlay-opacity":"","overlay-gradient":""},"tablet":{"background-color":"var(--ast-global-color-4)","background-image":"","background-repeat":"repeat","background-position":"center center","background-size":"auto","background-attachment":"scroll","background-type":"","background-media":"","overlay-type":"","overlay-color":"","overlay-opacity":"","overlay-gradient":""},"mobile":{"background-color":"var(--ast-global-color-4)","background-image":"","background-repeat":"repeat","background-position":"center center","background-size":"auto","background-attachment":"scroll","background-type":"","background-media":"","overlay-type":"","overlay-color":"","overlay-opacity":"","overlay-gradient":""}},"footnotes":""},"class_list":["post-574","page","type-page","status-publish","hentry"],"_links":{"self":[{"href":"https:\/\/moncoachfinance.fr\/index.php\/wp-json\/wp\/v2\/pages\/574","targetHints":{"allow":["GET"]}}],"collection":[{"href":"https:\/\/moncoachfinance.fr\/index.php\/wp-json\/wp\/v2\/pages"}],"about":[{"href":"https:\/\/moncoachfinance.fr\/index.php\/wp-json\/wp\/v2\/types\/page"}],"author":[{"embeddable":true,"href":"https:\/\/moncoachfinance.fr\/index.php\/wp-json\/wp\/v2\/users\/1"}],"replies":[{"embeddable":true,"href":"https:\/\/moncoachfinance.fr\/index.php\/wp-json\/wp\/v2\/comments?post=574"}],"version-history":[{"count":223,"href":"https:\/\/moncoachfinance.fr\/index.php\/wp-json\/wp\/v2\/pages\/574\/revisions"}],"predecessor-version":[{"id":1408,"href":"https:\/\/moncoachfinance.fr\/index.php\/wp-json\/wp\/v2\/pages\/574\/revisions\/1408"}],"wp:attachment":[{"href":"https:\/\/moncoachfinance.fr\/index.php\/wp-json\/wp\/v2\/media?parent=574"}],"curies":[{"name":"wp","href":"https:\/\/api.w.org\/{rel}","templated":true}]}}