{"id":696,"date":"2025-10-22T14:23:20","date_gmt":"2025-10-22T14:23:20","guid":{"rendered":"https:\/\/moncoachfinance.fr\/?page_id=696"},"modified":"2025-10-23T18:21:21","modified_gmt":"2025-10-23T18:21:21","slug":"politique-de-confidentialite","status":"publish","type":"page","link":"https:\/\/moncoachfinance.fr\/index.php\/politique-de-confidentialite\/","title":{"rendered":"Politique de confidentialit\u00e9"},"content":{"rendered":"\t\t<div data-elementor-type=\"wp-page\" data-elementor-id=\"696\" class=\"elementor elementor-696\">\n\t\t\t\t<div class=\"elementor-element elementor-element-d0f4594 e-flex e-con-boxed e-con e-parent\" data-id=\"d0f4594\" data-element_type=\"container\" data-e-type=\"container\">\n\t\t\t\t\t<div class=\"e-con-inner\">\n\t\t\t\t<div class=\"elementor-element elementor-element-4bc3297 elementor-widget elementor-widget-heading\" data-id=\"4bc3297\" data-element_type=\"widget\" data-e-type=\"widget\" data-widget_type=\"heading.default\">\n\t\t\t\t\t<h2 class=\"elementor-heading-title elementor-size-default\">Ajoutez votre titre ici<\/h2>\t\t\t\t<\/div>\n\t\t\t\t\t<\/div>\n\t\t\t\t<\/div>\n\t\t<div class=\"elementor-element elementor-element-9a4b507 e-flex e-con-boxed e-con e-parent\" data-id=\"9a4b507\" data-element_type=\"container\" data-e-type=\"container\">\n\t\t\t\t\t<div class=\"e-con-inner\">\n\t\t\t\t<div class=\"elementor-element elementor-element-9f01a52 elementor-widget elementor-widget-text-editor\" data-id=\"9f01a52\" data-element_type=\"widget\" data-e-type=\"widget\" data-widget_type=\"text-editor.default\">\n\t\t\t\t\t\t\t\t\t<p data-start=\"213\" data-end=\"253\"><strong data-start=\"213\" data-end=\"253\">Derni\u00e8re mise \u00e0 jour : 10\/2025<\/strong><\/p><p data-start=\"255\" data-end=\"585\">Chez <strong data-start=\"260\" data-end=\"281\">Mon Coach Finance<\/strong>, nous attachons une importance particuli\u00e8re \u00e0 la confidentialit\u00e9 de vos donn\u00e9es. La pr\u00e9sente politique vous informe de mani\u00e8re claire sur la collecte, l\u2019utilisation, la conservation et la protection de vos donn\u00e9es personnelles, conform\u00e9ment au <strong data-start=\"526\" data-end=\"584\">R\u00e8glement G\u00e9n\u00e9ral sur la Protection des Donn\u00e9es (RGPD)<\/strong>.<\/p><hr data-start=\"587\" data-end=\"590\" \/><h2 data-start=\"592\" data-end=\"617\">1. Qui sommes-nous ?<\/h2><p data-start=\"618\" data-end=\"827\"><strong data-start=\"618\" data-end=\"639\">Mon Coach Finance<\/strong> est une activit\u00e9 de formation et d\u2019accompagnement administratif et financier destin\u00e9e aux entrepreneurs.<br data-start=\"744\" data-end=\"747\" \/>Notre site principal est accessible \u00e0 l\u2019adresse : <strong data-start=\"797\" data-end=\"827\"><a class=\"decorated-link\" href=\"https:\/\/moncoachfinance.fr?utm_source=chatgpt.com\" target=\"_new\" rel=\"noopener\" data-start=\"799\" data-end=\"825\">https:\/\/moncoachfinance.fr<\/a><\/strong><\/p><h2 data-start=\"843\" data-end=\"884\">2. Quelles donn\u00e9es collectons-nous ?<\/h2><p data-start=\"885\" data-end=\"945\">Nous pouvons \u00eatre amen\u00e9s \u00e0 collecter les donn\u00e9es suivantes :<\/p><ul data-start=\"946\" data-end=\"1341\"><li data-start=\"946\" data-end=\"1008\"><p data-start=\"948\" data-end=\"1008\"><strong data-start=\"948\" data-end=\"976\">Donn\u00e9es d&rsquo;identification<\/strong> : nom, pr\u00e9nom, email, t\u00e9l\u00e9phone<\/p><\/li><li data-start=\"1009\" data-end=\"1089\"><p data-start=\"1011\" data-end=\"1089\"><strong data-start=\"1011\" data-end=\"1039\">Donn\u00e9es professionnelles<\/strong> : statut juridique, structure, secteur d\u2019activit\u00e9<\/p><\/li><li data-start=\"1090\" data-end=\"1167\"><p data-start=\"1092\" data-end=\"1167\"><strong data-start=\"1092\" data-end=\"1117\">Donn\u00e9es de navigation<\/strong> : adresse IP, navigateur, pages visit\u00e9es, cookies<\/p><\/li><li data-start=\"1168\" data-end=\"1258\"><p data-start=\"1170\" data-end=\"1258\"><strong data-start=\"1170\" data-end=\"1193\">Donn\u00e9es de paiement<\/strong> : informations de facturation (via des services tiers s\u00e9curis\u00e9s)<\/p><\/li><li data-start=\"1259\" data-end=\"1341\"><p data-start=\"1261\" data-end=\"1341\"><strong data-start=\"1261\" data-end=\"1286\">Donn\u00e9es d\u2019utilisation<\/strong> : historique de formation, r\u00e9ponses aux questionnaires<\/p><\/li><\/ul><h2 data-start=\"1348\" data-end=\"1394\">3. Pourquoi collectons-nous vos donn\u00e9es ?<\/h2><p data-start=\"1395\" data-end=\"1429\">Les donn\u00e9es sont collect\u00e9es pour :<\/p><ul data-start=\"1430\" data-end=\"1807\"><li data-start=\"1430\" data-end=\"1500\"><p data-start=\"1432\" data-end=\"1500\">Vous fournir l\u2019acc\u00e8s \u00e0 nos services de formation et d\u2019accompagnement<\/p><\/li><li data-start=\"1501\" data-end=\"1571\"><p data-start=\"1503\" data-end=\"1571\">G\u00e9rer votre compte utilisateur et votre progression dans nos modules<\/p><\/li><li data-start=\"1572\" data-end=\"1621\"><p data-start=\"1574\" data-end=\"1621\">G\u00e9rer les prises de rendez-vous et les \u00e9changes<\/p><\/li><li data-start=\"1622\" data-end=\"1702\"><p data-start=\"1624\" data-end=\"1702\">Vous envoyer des emails informatifs ou promotionnels (si vous y avez consenti)<\/p><\/li><li data-start=\"1703\" data-end=\"1758\"><p data-start=\"1705\" data-end=\"1758\">R\u00e9aliser des statistiques pour am\u00e9liorer nos contenus<\/p><\/li><li data-start=\"1759\" data-end=\"1807\"><p data-start=\"1761\" data-end=\"1807\">R\u00e9pondre \u00e0 nos obligations l\u00e9gales et fiscales<\/p><\/li><\/ul><h2 data-start=\"1814\" data-end=\"1855\">4. Outils et sous-traitants utilis\u00e9s<\/h2><p data-start=\"1856\" data-end=\"1933\">Nous travaillons avec des prestataires de confiance, tous conformes au RGPD :<\/p><div class=\"_tableContainer_1rjym_1\"><div class=\"group _tableWrapper_1rjym_13 flex w-fit flex-col-reverse\" tabindex=\"-1\"><table class=\"w-fit min-w-(--thread-content-width)\" data-start=\"1935\" data-end=\"2570\"><thead data-start=\"1935\" data-end=\"1988\"><tr data-start=\"1935\" data-end=\"1988\"><th data-start=\"1935\" data-end=\"1943\" data-col-size=\"sm\">Outil<\/th><th data-start=\"1943\" data-end=\"1954\" data-col-size=\"sm\">Finalit\u00e9<\/th><th data-start=\"1954\" data-end=\"1973\" data-col-size=\"md\">Donn\u00e9es trait\u00e9es<\/th><th data-start=\"1973\" data-end=\"1988\" data-col-size=\"sm\">H\u00e9bergement<\/th><\/tr><\/thead><tbody data-start=\"2043\" data-end=\"2570\"><tr data-start=\"2043\" data-end=\"2158\"><td data-start=\"2043\" data-end=\"2061\" data-col-size=\"sm\"><strong data-start=\"2045\" data-end=\"2060\">SchoolMaker<\/strong><\/td><td data-col-size=\"sm\" data-start=\"2061\" data-end=\"2087\">Plateforme de formation<\/td><td data-col-size=\"md\" data-start=\"2087\" data-end=\"2137\">Donn\u00e9es d\u2019identification, progression, r\u00e9ponses<\/td><td data-col-size=\"sm\" data-start=\"2137\" data-end=\"2158\">France (Scaleway)<\/td><\/tr><tr data-start=\"2159\" data-end=\"2263\"><td data-start=\"2159\" data-end=\"2172\" data-col-size=\"sm\"><strong data-start=\"2161\" data-end=\"2171\">Stripe<\/strong><\/td><td data-col-size=\"sm\" data-start=\"2172\" data-end=\"2192\">Paiement s\u00e9curis\u00e9<\/td><td data-col-size=\"md\" data-start=\"2192\" data-end=\"2227\">Donn\u00e9es de paiement, facturation<\/td><td data-col-size=\"sm\" data-start=\"2227\" data-end=\"2263\">UE \/ USA (conforme RGPD via SCC)<\/td><\/tr><tr data-start=\"2264\" data-end=\"2368\"><td data-start=\"2264\" data-end=\"2292\" data-col-size=\"sm\"><strong data-start=\"2266\" data-end=\"2291\">Brevo\u00a0<\/strong><\/td><td data-col-size=\"sm\" data-start=\"2292\" data-end=\"2316\">Emailing, newsletters<\/td><td data-col-size=\"md\" data-start=\"2316\" data-end=\"2358\">Email, pr\u00e9nom, statistiques d\u2019ouverture<\/td><td data-col-size=\"sm\" data-start=\"2358\" data-end=\"2368\">France<\/td><\/tr><tr data-start=\"2369\" data-end=\"2463\"><td data-start=\"2369\" data-end=\"2383\" data-col-size=\"sm\"><strong data-start=\"2371\" data-end=\"2382\">Cal.com<\/strong><\/td><td data-start=\"2383\" data-end=\"2406\" data-col-size=\"sm\">Prise de rendez-vous<\/td><td data-col-size=\"md\" data-start=\"2406\" data-end=\"2427\">Nom, email, agenda<\/td><td data-col-size=\"sm\" data-start=\"2427\" data-end=\"2463\">UE \/ USA (conforme RGPD via DPA)<\/td><\/tr><tr data-start=\"2464\" data-end=\"2570\"><td data-start=\"2464\" data-end=\"2487\" data-col-size=\"sm\"><strong data-start=\"2466\" data-end=\"2486\">Google Workspace<\/strong><\/td><td data-col-size=\"sm\" data-start=\"2487\" data-end=\"2515\">Communication et stockage<\/td><td data-col-size=\"md\" data-start=\"2515\" data-end=\"2545\">Email, fichiers, formulaire<\/td><td data-col-size=\"sm\" data-start=\"2545\" data-end=\"2570\"><p>UE \/ USA (DPA Google)<\/p><\/td><\/tr><\/tbody><\/table><h2 data-start=\"2577\" data-end=\"2592\">5. Cookies<\/h2><p data-start=\"2593\" data-end=\"2634\">Des cookies peuvent \u00eatre install\u00e9s pour :<\/p><ul data-start=\"2635\" data-end=\"2838\"><li data-start=\"2635\" data-end=\"2695\"><p data-start=\"2637\" data-end=\"2695\">Assurer le bon fonctionnement du site (cookies techniques)<\/p><\/li><li data-start=\"2696\" data-end=\"2773\"><p data-start=\"2698\" data-end=\"2773\">Mesurer l\u2019audience et am\u00e9liorer l\u2019exp\u00e9rience utilisateur (Google Analytics)<\/p><\/li><li data-start=\"2774\" data-end=\"2838\"><p data-start=\"2776\" data-end=\"2838\">Faciliter l\u2019acc\u00e8s \u00e0 certains services (connexion, pr\u00e9f\u00e9rences)<\/p><\/li><\/ul><p data-start=\"2840\" data-end=\"2935\">Vous pouvez g\u00e9rer vos pr\u00e9f\u00e9rences via le bandeau cookies visible lors de votre premi\u00e8re visite.<\/p><h2 data-start=\"2942\" data-end=\"2971\">6. Dur\u00e9e de conservation<\/h2><ul data-start=\"2972\" data-end=\"3203\"><li data-start=\"2972\" data-end=\"3035\"><p data-start=\"2974\" data-end=\"3035\">Donn\u00e9es clients : jusqu\u2019\u00e0 3 ans apr\u00e8s la derni\u00e8re interaction<\/p><\/li><li data-start=\"3036\" data-end=\"3089\"><p data-start=\"3038\" data-end=\"3089\">Donn\u00e9es de facturation : 10 ans (obligation l\u00e9gale)<\/p><\/li><li data-start=\"3090\" data-end=\"3142\"><p data-start=\"3092\" data-end=\"3142\">Donn\u00e9es de navigation : selon la dur\u00e9e des cookies<\/p><\/li><li data-start=\"3143\" data-end=\"3203\"><p data-start=\"3145\" data-end=\"3203\">Donn\u00e9es marketing : jusqu\u2019au retrait de votre consentement<\/p><\/li><\/ul><hr data-start=\"3205\" data-end=\"3208\" \/><h2 data-start=\"3210\" data-end=\"3228\">7. Vos droits<\/h2><p data-start=\"3229\" data-end=\"3298\">Conform\u00e9ment \u00e0 la r\u00e9glementation, vous disposez des droits suivants :<\/p><ul data-start=\"3299\" data-end=\"3483\"><li data-start=\"3299\" data-end=\"3346\"><p data-start=\"3301\" data-end=\"3346\">Droit d\u2019acc\u00e8s, de rectification, d\u2019opposition<\/p><\/li><li data-start=\"3347\" data-end=\"3387\"><p data-start=\"3349\" data-end=\"3387\">Droit \u00e0 l\u2019effacement (droit \u00e0 l\u2019oubli)<\/p><\/li><li data-start=\"3388\" data-end=\"3431\"><p data-start=\"3390\" data-end=\"3431\">Droit \u00e0 la limitation et \u00e0 la portabilit\u00e9<\/p><\/li><li data-start=\"3432\" data-end=\"3483\"><p data-start=\"3434\" data-end=\"3483\">Droit de retirer votre consentement \u00e0 tout moment<\/p><\/li><\/ul><p data-start=\"3485\" data-end=\"3570\">Pour exercer vos droits, contactez-nous \u00e0 :<strong data-start=\"3532\" data-end=\"3570\"> contact@moncoachfinance.fr<\/strong><\/p><h2 data-start=\"3577\" data-end=\"3605\">8. S\u00e9curit\u00e9 des donn\u00e9es<\/h2><p data-start=\"3606\" data-end=\"3768\">Nous mettons tout en \u0153uvre pour s\u00e9curiser vos donn\u00e9es : stockage chiffr\u00e9, acc\u00e8s limit\u00e9, mises \u00e0 jour r\u00e9guli\u00e8res de s\u00e9curit\u00e9, choix de prestataires conformes RGPD.<\/p><h2 data-start=\"3775\" data-end=\"3811\">9. Modification de la politique<\/h2><p data-start=\"3812\" data-end=\"3991\">Cette politique peut \u00eatre modifi\u00e9e \u00e0 tout moment pour s\u2019adapter \u00e0 l\u2019\u00e9volution de notre activit\u00e9 ou de la r\u00e9glementation. Vous serez inform\u00e9(e) de toute modification significative.<\/p><\/div><p data-start=\"3485\" data-end=\"3570\">\u00a0<\/p><\/div>\t\t\t\t\t\t\t\t<\/div>\n\t\t\t\t\t<\/div>\n\t\t\t\t<\/div>\n\t\t\t\t<\/div>\n\t\t","protected":false},"excerpt":{"rendered":"<p>Ajoutez votre titre ici Derni\u00e8re mise \u00e0 jour : 10\/2025 Chez Mon Coach Finance, nous attachons une importance particuli\u00e8re \u00e0 [&hellip;]<\/p>\n","protected":false},"author":1,"featured_media":0,"parent":0,"menu_order":0,"comment_status":"closed","ping_status":"closed","template":"","meta":{"site-sidebar-layout":"no-sidebar","site-content-layout":"","ast-site-content-layout":"full-width-container","site-content-style":"default","site-sidebar-style":"default","ast-global-header-display":"","ast-banner-title-visibility":"","ast-main-header-display":"","ast-hfb-above-header-display":"","ast-hfb-below-header-display":"","ast-hfb-mobile-header-display":"","site-post-title":"disabled","ast-breadcrumbs-content":"","ast-featured-img":"disabled","footer-sml-layout":"","ast-disable-related-posts":"","theme-transparent-header-meta":"","adv-header-id-meta":"","stick-header-meta":"","header-above-stick-meta":"","header-main-stick-meta":"","header-below-stick-meta":"","astra-migrate-meta-layouts":"default","ast-page-background-enabled":"default","ast-page-background-meta":{"desktop":{"background-color":"var(--ast-global-color-5)","background-image":"","background-repeat":"repeat","background-position":"center center","background-size":"auto","background-attachment":"scroll","background-type":"","background-media":"","overlay-type":"","overlay-color":"","overlay-opacity":"","overlay-gradient":""},"tablet":{"background-color":"","background-image":"","background-repeat":"repeat","background-position":"center center","background-size":"auto","background-attachment":"scroll","background-type":"","background-media":"","overlay-type":"","overlay-color":"","overlay-opacity":"","overlay-gradient":""},"mobile":{"background-color":"","background-image":"","background-repeat":"repeat","background-position":"center center","background-size":"auto","background-attachment":"scroll","background-type":"","background-media":"","overlay-type":"","overlay-color":"","overlay-opacity":"","overlay-gradient":""}},"ast-content-background-meta":{"desktop":{"background-color":"var(--ast-global-color-4)","background-image":"","background-repeat":"repeat","background-position":"center center","background-size":"auto","background-attachment":"scroll","background-type":"","background-media":"","overlay-type":"","overlay-color":"","overlay-opacity":"","overlay-gradient":""},"tablet":{"background-color":"var(--ast-global-color-4)","background-image":"","background-repeat":"repeat","background-position":"center center","background-size":"auto","background-attachment":"scroll","background-type":"","background-media":"","overlay-type":"","overlay-color":"","overlay-opacity":"","overlay-gradient":""},"mobile":{"background-color":"var(--ast-global-color-4)","background-image":"","background-repeat":"repeat","background-position":"center center","background-size":"auto","background-attachment":"scroll","background-type":"","background-media":"","overlay-type":"","overlay-color":"","overlay-opacity":"","overlay-gradient":""}},"footnotes":""},"class_list":["post-696","page","type-page","status-publish","hentry"],"_links":{"self":[{"href":"https:\/\/moncoachfinance.fr\/index.php\/wp-json\/wp\/v2\/pages\/696","targetHints":{"allow":["GET"]}}],"collection":[{"href":"https:\/\/moncoachfinance.fr\/index.php\/wp-json\/wp\/v2\/pages"}],"about":[{"href":"https:\/\/moncoachfinance.fr\/index.php\/wp-json\/wp\/v2\/types\/page"}],"author":[{"embeddable":true,"href":"https:\/\/moncoachfinance.fr\/index.php\/wp-json\/wp\/v2\/users\/1"}],"replies":[{"embeddable":true,"href":"https:\/\/moncoachfinance.fr\/index.php\/wp-json\/wp\/v2\/comments?post=696"}],"version-history":[{"count":7,"href":"https:\/\/moncoachfinance.fr\/index.php\/wp-json\/wp\/v2\/pages\/696\/revisions"}],"predecessor-version":[{"id":905,"href":"https:\/\/moncoachfinance.fr\/index.php\/wp-json\/wp\/v2\/pages\/696\/revisions\/905"}],"wp:attachment":[{"href":"https:\/\/moncoachfinance.fr\/index.php\/wp-json\/wp\/v2\/media?parent=696"}],"curies":[{"name":"wp","href":"https:\/\/api.w.org\/{rel}","templated":true}]}}